{"id":405,"date":"2023-12-07T06:23:56","date_gmt":"2023-12-07T05:23:56","guid":{"rendered":"https:\/\/pagafx.agency\/?page_id=405"},"modified":"2023-12-07T11:00:21","modified_gmt":"2023-12-07T10:00:21","slug":"podcast","status":"publish","type":"page","link":"https:\/\/pagafx.agency\/index.php\/podcast\/","title":{"rendered":"Podcast"},"content":{"rendered":"<p><div class=\"fusion-fullwidth fullwidth-box fusion-builder-row-1 fusion-flex-container has-pattern-background has-mask-background fusion-parallax-none nonhundred-percent-fullwidth non-hundred-percent-height-scrolling\" style=\"--awb-border-radius-top-left:0px;--awb-border-radius-top-right:0px;--awb-border-radius-bottom-right:0px;--awb-border-radius-bottom-left:0px;--awb-margin-top:-50px;--awb-background-image:url(&quot;https:\/\/pagafx.agency\/wp-content\/uploads\/2023\/12\/podcast.jpg&quot;);--awb-background-size:cover;--awb-flex-wrap:wrap;\" ><div class=\"fusion-builder-row fusion-row fusion-flex-align-items-flex-start fusion-flex-content-wrap\" style=\"max-width:1248px;margin-left: calc(-4% \/ 2 );margin-right: calc(-4% \/ 2 );\"><div class=\"fusion-layout-column fusion_builder_column fusion-builder-column-0 fusion_builder_column_2_3 2_3 fusion-flex-column\" style=\"--awb-bg-color:rgba(0,0,0,0.6);--awb-bg-color-hover:rgba(0,0,0,0.6);--awb-bg-size:cover;--awb-width-large:66.666666666667%;--awb-margin-top-large:200px;--awb-spacing-right-large:2.88%;--awb-margin-bottom-large:200px;--awb-spacing-left-large:2.88%;--awb-width-medium:66.666666666667%;--awb-order-medium:0;--awb-spacing-right-medium:2.88%;--awb-spacing-left-medium:2.88%;--awb-width-small:100%;--awb-order-small:0;--awb-spacing-right-small:1.92%;--awb-spacing-left-small:1.92%;\" data-scroll-devices=\"small-visibility,medium-visibility,large-visibility\"><div class=\"fusion-column-wrapper fusion-column-has-shadow fusion-flex-justify-content-flex-start fusion-content-layout-column\"><div class=\"fusion-title title fusion-title-1 fusion-sep-none fusion-title-text fusion-title-size-one\" style=\"--awb-text-color:#ffffff;--awb-margin-left:30px;\"><h1 class=\"fusion-title-heading title-heading-left\" style=\"margin:0;\">Pagafx &#8211; servicio de Podcast<\/h1><\/div><div class=\"fusion-text fusion-text-1\" style=\"--awb-text-color:#ffffff;--awb-margin-left:35px;\"><p>Tu Socio en Creaci\u00f3n de Podcasts de Calidad Profesional<\/p>\n<\/div><\/div><\/div><\/div><\/div><div class=\"fusion-fullwidth fullwidth-box fusion-builder-row-2 fusion-flex-container has-pattern-background has-mask-background nonhundred-percent-fullwidth non-hundred-percent-height-scrolling\" style=\"--awb-border-radius-top-left:0px;--awb-border-radius-top-right:0px;--awb-border-radius-bottom-right:0px;--awb-border-radius-bottom-left:0px;--awb-margin-top:50px;--awb-flex-wrap:wrap;\" ><div class=\"fusion-builder-row fusion-row fusion-flex-align-items-flex-start fusion-flex-content-wrap\" style=\"max-width:1248px;margin-left: calc(-4% \/ 2 );margin-right: calc(-4% \/ 2 );\"><div class=\"fusion-layout-column fusion_builder_column fusion-builder-column-1 fusion_builder_column_1_1 1_1 fusion-flex-column\" style=\"--awb-bg-size:cover;--awb-width-large:100%;--awb-margin-top-large:0px;--awb-spacing-right-large:1.92%;--awb-margin-bottom-large:20px;--awb-spacing-left-large:1.92%;--awb-width-medium:100%;--awb-order-medium:0;--awb-spacing-right-medium:1.92%;--awb-spacing-left-medium:1.92%;--awb-width-small:100%;--awb-order-small:0;--awb-spacing-right-small:1.92%;--awb-spacing-left-small:1.92%;\"><div class=\"fusion-column-wrapper fusion-column-has-shadow fusion-flex-justify-content-flex-start fusion-content-layout-column\"><div class=\"fusion-title title fusion-title-2 fusion-sep-none fusion-title-center fusion-title-text fusion-title-size-three\"><h3 class=\"fusion-title-heading title-heading-center\" style=\"margin:0;\"><strong>Damos Vida a Tus Ideas, Transform\u00e1ndolas en Experiencias Auditivas Inolvidables, con una gran calidad de imagen.<\/strong><\/h3><\/div><div class=\"fusion-text fusion-text-2\" style=\"--awb-margin-top:30px;\"><p>S\u00f3mos una empresa l\u00edder dedicada a proporcionar servicios integrales de creaci\u00f3n, producci\u00f3n y promoci\u00f3n de podcasts para clientes de diversos sectores. Nos enorgullece ofrecer soluciones personalizadas que capturan la esencia \u00fanica de cada proyecto, transformando ideas en experiencias auditivas cautivadoras.<\/p>\n<\/div><\/div><\/div><\/div><\/div><\/p>\n","protected":false},"excerpt":{"rendered":"","protected":false},"author":1,"featured_media":0,"parent":0,"menu_order":0,"comment_status":"closed","ping_status":"closed","template":"100-width.php","meta":{"footnotes":""},"class_list":["post-405","page","type-page","status-publish","hentry"],"_links":{"self":[{"href":"https:\/\/pagafx.agency\/index.php\/wp-json\/wp\/v2\/pages\/405","targetHints":{"allow":["GET"]}}],"collection":[{"href":"https:\/\/pagafx.agency\/index.php\/wp-json\/wp\/v2\/pages"}],"about":[{"href":"https:\/\/pagafx.agency\/index.php\/wp-json\/wp\/v2\/types\/page"}],"author":[{"embeddable":true,"href":"https:\/\/pagafx.agency\/index.php\/wp-json\/wp\/v2\/users\/1"}],"replies":[{"embeddable":true,"href":"https:\/\/pagafx.agency\/index.php\/wp-json\/wp\/v2\/comments?post=405"}],"version-history":[{"count":7,"href":"https:\/\/pagafx.agency\/index.php\/wp-json\/wp\/v2\/pages\/405\/revisions"}],"predecessor-version":[{"id":414,"href":"https:\/\/pagafx.agency\/index.php\/wp-json\/wp\/v2\/pages\/405\/revisions\/414"}],"wp:attachment":[{"href":"https:\/\/pagafx.agency\/index.php\/wp-json\/wp\/v2\/media?parent=405"}],"curies":[{"name":"wp","href":"https:\/\/api.w.org\/{rel}","templated":true}]}}