{"id":325,"date":"2023-12-02T09:34:52","date_gmt":"2023-12-02T08:34:52","guid":{"rendered":"https:\/\/pagafx.agency\/?page_id=325"},"modified":"2023-12-02T09:50:28","modified_gmt":"2023-12-02T08:50:28","slug":"politica-de-cookies","status":"publish","type":"page","link":"https:\/\/pagafx.agency\/index.php\/politica-de-cookies\/","title":{"rendered":"Pol\u00edtica de Cookies"},"content":{"rendered":"<p><div class=\"fusion-fullwidth fullwidth-box fusion-builder-row-1 fusion-flex-container has-pattern-background has-mask-background fusion-parallax-none nonhundred-percent-fullwidth non-hundred-percent-height-scrolling\" style=\"--awb-border-radius-top-left:0px;--awb-border-radius-top-right:0px;--awb-border-radius-bottom-right:0px;--awb-border-radius-bottom-left:0px;--awb-background-image:url(&quot;https:\/\/pagafx.agency\/wp-content\/uploads\/2023\/11\/membresia2.jpg&quot;);--awb-background-size:cover;--awb-flex-wrap:wrap;\" ><div class=\"fusion-builder-row fusion-row fusion-flex-align-items-flex-start fusion-flex-content-wrap\" style=\"max-width:1248px;margin-left: calc(-4% \/ 2 );margin-right: calc(-4% \/ 2 );\"><div class=\"fusion-layout-column fusion_builder_column fusion-builder-column-0 fusion_builder_column_2_3 2_3 fusion-flex-column fusion-no-small-visibility fusion-no-medium-visibility\" style=\"--awb-bg-color:rgba(0,0,0,0.6);--awb-bg-color-hover:rgba(0,0,0,0.6);--awb-bg-size:cover;--awb-width-large:66.666666666667%;--awb-margin-top-large:200px;--awb-spacing-right-large:2.88%;--awb-margin-bottom-large:200px;--awb-spacing-left-large:2.88%;--awb-width-medium:66.666666666667%;--awb-order-medium:0;--awb-spacing-right-medium:2.88%;--awb-spacing-left-medium:2.88%;--awb-width-small:100%;--awb-order-small:0;--awb-spacing-right-small:1.92%;--awb-spacing-left-small:1.92%;\" data-scroll-devices=\"small-visibility,medium-visibility,large-visibility\"><div class=\"fusion-column-wrapper fusion-column-has-shadow fusion-flex-justify-content-flex-start fusion-content-layout-column\"><div class=\"fusion-title title fusion-title-1 fusion-sep-none fusion-title-text fusion-title-size-one\" style=\"--awb-text-color:#ffffff;--awb-margin-left:30px;\"><h1 class=\"fusion-title-heading title-heading-left\" style=\"margin:0;\">Pagafx &#8211; Pol\u00edticas de cookies<\/h1><\/div><\/div><\/div><\/div><\/div><div class=\"fusion-fullwidth fullwidth-box fusion-builder-row-2 fusion-flex-container has-pattern-background has-mask-background nonhundred-percent-fullwidth non-hundred-percent-height-scrolling\" style=\"--awb-border-radius-top-left:0px;--awb-border-radius-top-right:0px;--awb-border-radius-bottom-right:0px;--awb-border-radius-bottom-left:0px;--awb-margin-top:40px;--awb-flex-wrap:wrap;\" ><div class=\"fusion-builder-row fusion-row fusion-flex-align-items-flex-start fusion-flex-content-wrap\" style=\"max-width:1248px;margin-left: calc(-4% \/ 2 );margin-right: calc(-4% \/ 2 );\"><div class=\"fusion-layout-column fusion_builder_column fusion-builder-column-1 fusion_builder_column_1_1 1_1 fusion-flex-column\" style=\"--awb-bg-size:cover;--awb-width-large:100%;--awb-margin-top-large:0px;--awb-spacing-right-large:1.92%;--awb-margin-bottom-large:0px;--awb-spacing-left-large:1.92%;--awb-width-medium:100%;--awb-spacing-right-medium:1.92%;--awb-spacing-left-medium:1.92%;--awb-width-small:100%;--awb-spacing-right-small:1.92%;--awb-spacing-left-small:1.92%;\"><div class=\"fusion-column-wrapper fusion-flex-justify-content-flex-start fusion-content-layout-column\"><div class=\"fusion-text fusion-text-1\"><p>En\u00a0<strong>www.pagafx.agency<\/strong>\u00a0utilizamos cookies propias y de terceros con la finalidad de mejorar la calidad de nuestro servicio, proporcionar una mejor experiencia de navegaci\u00f3n, e identificar los problemas t\u00e9cnicos que puedan surgir en la web. Asimismo, en caso de que el usuario preste su consentimiento,\u00a0<strong>www.pagafx.agency<\/strong>\u00a0podr\u00e1 utilizar cookies que le permitan obtener m\u00e1s informaci\u00f3n sobre preferencias y personalizar la p\u00e1gina web con sus intereses individuales.<\/p>\n<p>En cumplimiento con lo dispuesto en el art\u00edculo 22.2 de la Ley 34\/2002, de 11 de julio, de servicios de la sociedad de la informaci\u00f3n y del comercio electr\u00f3nico, esta p\u00e1gina web le informa sobre la pol\u00edtica de cookies.<\/p>\n<h3><strong>\u00bfQu\u00e9 son las cookies?<\/strong><\/h3>\n<p>Las cookies son peque\u00f1os ficheros de datos que se descargan en su ordenador y otros dispositivos de comunicaciones, que almacenan informaci\u00f3n y se guardan en el navegador del Usuario. Las cookies permiten a una p\u00e1gina o Sitio web almacenar y recuperar informaci\u00f3n sobre los h\u00e1bitos de navegaci\u00f3n, permitiendo recordar diferentes par\u00e1metros e informaci\u00f3n sobre el Usuario.<\/p>\n<p>El Usuario podr\u00e1 en todo momento modificar las preferencias del navegador utilizado con la finalidad de impedir la instalaci\u00f3n de dichos ficheros a la hora de consultar esta web.<\/p>\n<h3><strong>\u00bfQu\u00e9 tipo de cookies utiliza este sitio web?<\/strong><\/h3>\n<p>La web\u00a0<strong>www.pagaf<\/strong><strong>x<\/strong><strong>.co<\/strong>\u00a0puede utilizar servicios de terceros que recopilan informaci\u00f3n con fines estad\u00edsticos, de uso del Sitio web por parte del Usuario y para la prestaci\u00f3n de otros servicios relacionados con el mismo y otros servicios de internet.<\/p>\n<p>En particular, este Sitio web utiliza Google Analytics, un servicio anal\u00edtico de web prestado por Google, Inc. con domicilio en Estados Unidos con sede central en 1600 Amphitheatre Parkway, Mountain View, California 94043. Para la prestaci\u00f3n de estos servicios, estos utilizan cookies que recopilan la informaci\u00f3n, incluida la direcci\u00f3n IP del Usuario, que ser\u00e1 transmitida, tratada y almacenada por Google en los t\u00e9rminos fijados en la Web Google.com. Incluyendo la posible transmisi\u00f3n de dicha informaci\u00f3n a terceros por razones de exigencia legal o cuando dichos terceros procesen la informaci\u00f3n por cuenta de Google.<\/p>\n<p>El presente Sitio web utiliza los siguientes tipos de cookies:<\/p>\n<p><strong>Cookies t\u00e9cnicas:<\/strong>\u00a0Son aqu\u00e9llas que permiten al Usuario la navegaci\u00f3n a trav\u00e9s de una p\u00e1gina web, plataforma o aplicaci\u00f3n y la utilizaci\u00f3n de las diferentes opciones o servicios que en ella existan como, por ejemplo, controlar el tr\u00e1fico y la comunicaci\u00f3n de datos, identificar la sesi\u00f3n, acceder a partes de acceso restringido, realizar el proceso de compra de un pedido, realizar la solicitud de inscripci\u00f3n o participaci\u00f3n en un evento, utilizar elementos de seguridad durante la navegaci\u00f3n, almacenar contenidos para la difusi\u00f3n de v\u00eddeos o sonido, o compartir contenido a trav\u00e9s de redes sociales.<\/p>\n<p><strong>Cookies de personalizaci\u00f3n:<\/strong>\u00a0Son aqu\u00e9llas que permiten al Usuario acceder al servicio con algunas caracter\u00edsticas de car\u00e1cter general predefinidas en funci\u00f3n de una serie de criterios en el terminal del Usuario como por ejemplo el idioma o el tipo de navegador a trav\u00e9s del cual se conecta al servicio.<\/p>\n<p><strong>Cookies de an\u00e1lisis:<\/strong>\u00a0Son aqu\u00e9llas que, bien tratadas por\u00a0<strong>PAGAFX S.A.S. <\/strong>o por terceros, permiten cuantificar el n\u00famero de Usuarios y as\u00ed realizar la medici\u00f3n y an\u00e1lisis estad\u00edstico de la utilizaci\u00f3n que hacen los Usuarios del servicio ofertado. Para ello se analiza su navegaci\u00f3n en nuestra p\u00e1gina web con el fin de mejorar la oferta de productos o servicios que le ofrecemos.<\/p>\n<p>A continuaci\u00f3n, se incluye una lista de las cookies espec\u00edficamente utilizadas en este Sitio Web:<\/p>\n<ul>\n<li>\u00a0<strong>Cookies propias:<\/strong><\/li>\n<\/ul>\n<ul>\n<li style=\"list-style-type: none;\">\n<ul>\n<li><strong>Cookies de sesi\u00f3n:<\/strong>\u00a0Para garantizar que los usuarios que escriban comentarios en el blog sean humanos y no aplicaciones automatizadas. De esta forma se combate el\u00a0<strong>spam<\/strong>.<\/li>\n<\/ul>\n<\/li>\n<\/ul>\n<ul>\n<li>\u00a0<strong>Cookies de terceros:<\/strong><\/li>\n<\/ul>\n<ul>\n<li style=\"list-style-type: none;\">\n<ul>\n<li><strong>Google Analytics:<\/strong>\u00a0Almacena\u00a0cookies\u00a0para poder elaborar estad\u00edsticas sobre el tr\u00e1fico y volumen de visitas de esta web. Al utilizar este sitio web est\u00e1 consintiendo el tratamiento de informaci\u00f3n acerca de usted por Google. Por tanto, el ejercicio de cualquier derecho en este sentido deber\u00e1 hacerlo comunicando directamente con Google.<\/li>\n<li><strong>Redes sociales:<\/strong>\u00a0Cada red social utiliza sus propias cookies para que usted pueda pinchar en botones del tipo \u00abMe gusta\u00bb o \u00abCompartir\u00bb.<\/li>\n<\/ul>\n<\/li>\n<\/ul>\n<h3><strong>Gesti\u00f3n de las cookies<\/strong><\/h3>\n<p>El usuario puede permitir, bloquear o eliminar las cookies instaladas en su equipo mediante la configuraci\u00f3n de las opciones del navegador instalado en su ordenador. No obstante, si lo hace, es posible que la p\u00e1gina web no funcione correctamente y que<strong>\u00a0PAGAFX S.A.S. <\/strong>no pueda ofrecerle una experiencia de Usuario \u00f3ptima.<\/p>\n<ul>\n<li>\u00a0<strong>Google Chrome:<\/strong><\/li>\n<\/ul>\n<ol>\n<li>\n<ol>\n<li>Clicamos en el icono de men\u00fa.<\/li>\n<li>Seleccionar \u00abconfiguraci\u00f3n\u00bb.<\/li>\n<li>Seleccionar \u00abconfiguraci\u00f3n avanzada\u00bb.<\/li>\n<li>Seleccionar \u00abprivacidad\u00bb.<\/li>\n<li>Seleccionar \u00abconfiguraci\u00f3n de contenido\u00bb.<\/li>\n<li>Seleccionar la funci\u00f3n que desee:\n<ol>\n<li>Permitir que se almacenen datos locales.<\/li>\n<li>Conservar datos locales solo hasta que salgas del navegador.<\/li>\n<li>No permitir que se guarden datos de los sitios.<\/li>\n<li>Bloquear los datos de sitios y las cookies de terceros.<\/li>\n<\/ol>\n<\/li>\n<li>Una vez seleccionado la opci\u00f3n deseada, clicar en \u00ablisto\u00bb.<\/li>\n<\/ol>\n<\/li>\n<\/ol>\n<ul>\n<li>\u00a0<strong>Internet Explorer:<\/strong><\/li>\n<\/ul>\n<ol>\n<li>\n<ol>\n<li>Clicamos en icono de \u00abinicio\u00bb.<\/li>\n<li>Seleccionar \u00abopciones de internet\u00bb en el men\u00fa \u00abherramientas\u00bb.<\/li>\n<li>Seleccionar \u00abprivacidad\u00bb.<\/li>\n<li>Seleccionar \u00abconfiguraci\u00f3n\u00bb.<\/li>\n<li>Seleccionar la opci\u00f3n que desee y clicar en \u00abaceptar\u00bb.<\/li>\n<\/ol>\n<\/li>\n<\/ol>\n<ul>\n<li>\u00a0<strong>Microsoft Edge (Explorer 10):<\/strong><\/li>\n<\/ul>\n<ol>\n<li>\n<ol>\n<li>Clicamos en el icono \u00abm\u00e1s\u00bb.<\/li>\n<li>Seleccionar \u00abconfiguraci\u00f3n\u00bb.<\/li>\n<li>Seleccionar \u00abconfiguraci\u00f3n avanzada\u00bb.<\/li>\n<li>Seleccionar \u00abcookies\u00bb dentro de \u00abPrivacidad y servicios\u00bb.<\/li>\n<li>Seleccionar la opci\u00f3n que desee en el men\u00fa desplegable.<\/li>\n<\/ol>\n<\/li>\n<\/ol>\n<ul>\n<li>\u00a0<strong>Firefox:<\/strong><\/li>\n<\/ul>\n<ol>\n<li>\n<ol>\n<li>Clicamos en el icono \u00abmen\u00fa\u00bb.<\/li>\n<li>Seleccionar \u00abopciones\u00bb.<\/li>\n<li>Seleccionar \u00abprivacidad\u00bb.<\/li>\n<li>Seleccionar la opci\u00f3n que desee en el men\u00fa desplegable.<\/li>\n<\/ol>\n<\/li>\n<\/ol>\n<ul>\n<li>\u00a0<strong>Safari:<\/strong><\/li>\n<\/ul>\n<ol>\n<li>\n<ol>\n<li>Clicamos en \u00absafari\u00bb.<\/li>\n<li>Seleccionar \u00abpreferencias\u00bb.<\/li>\n<li>Seleccionar \u00abprivacidad\u00bb.<\/li>\n<li>Seleccionar \u00abcookies y datos de sitios web\u00bb.<\/li>\n<li>Seleccionar la opci\u00f3n que desee entre las disponibles.<\/li>\n<\/ol>\n<\/li>\n<\/ol>\n<p>Debe tener en cuenta que, si el usuario elimina o bloquea todas las cookies de este sitio web, es posible que parte de este no funcione correctamente o la calidad de la p\u00e1gina web pueda verse afectada.<\/p>\n<p>Si precisa m\u00e1s informaci\u00f3n acerca de nuestra Pol\u00edtica de Cookies, puede contactar con\u00a0<strong>PAGAFX S.A.S. <\/strong>a trav\u00e9s de los canales de comunicaci\u00f3n. Asimismo, se le recomienda que consulte las p\u00e1ginas web de soporte de cada navegador.<\/p>\n<\/div><\/div><\/div><\/div><\/div><\/p>\n","protected":false},"excerpt":{"rendered":"","protected":false},"author":1,"featured_media":0,"parent":0,"menu_order":0,"comment_status":"closed","ping_status":"closed","template":"100-width.php","meta":{"footnotes":""},"class_list":["post-325","page","type-page","status-publish","hentry"],"_links":{"self":[{"href":"https:\/\/pagafx.agency\/index.php\/wp-json\/wp\/v2\/pages\/325","targetHints":{"allow":["GET"]}}],"collection":[{"href":"https:\/\/pagafx.agency\/index.php\/wp-json\/wp\/v2\/pages"}],"about":[{"href":"https:\/\/pagafx.agency\/index.php\/wp-json\/wp\/v2\/types\/page"}],"author":[{"embeddable":true,"href":"https:\/\/pagafx.agency\/index.php\/wp-json\/wp\/v2\/users\/1"}],"replies":[{"embeddable":true,"href":"https:\/\/pagafx.agency\/index.php\/wp-json\/wp\/v2\/comments?post=325"}],"version-history":[{"count":4,"href":"https:\/\/pagafx.agency\/index.php\/wp-json\/wp\/v2\/pages\/325\/revisions"}],"predecessor-version":[{"id":337,"href":"https:\/\/pagafx.agency\/index.php\/wp-json\/wp\/v2\/pages\/325\/revisions\/337"}],"wp:attachment":[{"href":"https:\/\/pagafx.agency\/index.php\/wp-json\/wp\/v2\/media?parent=325"}],"curies":[{"name":"wp","href":"https:\/\/api.w.org\/{rel}","templated":true}]}}