{"id":240,"date":"2023-11-29T08:03:35","date_gmt":"2023-11-29T07:03:35","guid":{"rendered":"https:\/\/pagafx.agency\/?page_id=240"},"modified":"2023-12-02T09:49:42","modified_gmt":"2023-12-02T08:49:42","slug":"politica-de-privacidad","status":"publish","type":"page","link":"https:\/\/pagafx.agency\/index.php\/politica-de-privacidad\/","title":{"rendered":"Pol\u00edtica de Privacidad"},"content":{"rendered":"<p><div class=\"fusion-fullwidth fullwidth-box fusion-builder-row-1 fusion-flex-container has-pattern-background has-mask-background faded-background fusion-parallax-none nonhundred-percent-fullwidth non-hundred-percent-height-scrolling\" style=\"--awb-border-radius-top-left:0px;--awb-border-radius-top-right:0px;--awb-border-radius-bottom-right:0px;--awb-border-radius-bottom-left:0px;--awb-margin-top:-20px;--awb-background-size:cover;--awb-flex-wrap:wrap;\" ><div class=\"fullwidth-faded\" style=\"--awb-background-image:url(https:\/\/pagafx.agency\/wp-content\/uploads\/2023\/11\/privacidad.jpg);--awb-background-size:cover;\" ><\/div><div class=\"fusion-builder-row fusion-row fusion-flex-align-items-flex-start fusion-flex-content-wrap\" style=\"max-width:1248px;margin-left: calc(-4% \/ 2 );margin-right: calc(-4% \/ 2 );\"><div class=\"fusion-layout-column fusion_builder_column fusion-builder-column-0 fusion_builder_column_2_3 2_3 fusion-flex-column\" style=\"--awb-bg-color:rgba(0,0,0,0.6);--awb-bg-color-hover:rgba(0,0,0,0.6);--awb-bg-size:cover;--awb-width-large:66.666666666667%;--awb-margin-top-large:200px;--awb-spacing-right-large:2.88%;--awb-margin-bottom-large:200px;--awb-spacing-left-large:2.88%;--awb-width-medium:66.666666666667%;--awb-order-medium:0;--awb-spacing-right-medium:2.88%;--awb-spacing-left-medium:2.88%;--awb-width-small:100%;--awb-order-small:0;--awb-spacing-right-small:1.92%;--awb-spacing-left-small:1.92%;\" data-scroll-devices=\"small-visibility,medium-visibility,large-visibility\"><div class=\"fusion-column-wrapper fusion-column-has-shadow fusion-flex-justify-content-flex-start fusion-content-layout-column\"><div class=\"fusion-title title fusion-title-1 fusion-sep-none fusion-title-text fusion-title-size-one\" style=\"--awb-text-color:#ffffff;--awb-margin-left:30px;\"><h1 class=\"fusion-title-heading title-heading-left\" style=\"margin:0;\">Politicas de privacidad<\/h1><\/div><\/div><\/div><\/div><\/div><div class=\"fusion-fullwidth fullwidth-box fusion-builder-row-2 fusion-flex-container has-pattern-background has-mask-background nonhundred-percent-fullwidth non-hundred-percent-height-scrolling\" style=\"--awb-border-radius-top-left:0px;--awb-border-radius-top-right:0px;--awb-border-radius-bottom-right:0px;--awb-border-radius-bottom-left:0px;--awb-flex-wrap:wrap;\" ><div class=\"fusion-builder-row fusion-row fusion-flex-align-items-flex-start fusion-flex-content-wrap\" style=\"max-width:1248px;margin-left: calc(-4% \/ 2 );margin-right: calc(-4% \/ 2 );\"><div class=\"fusion-layout-column fusion_builder_column fusion-builder-column-1 fusion_builder_column_1_1 1_1 fusion-flex-column\" style=\"--awb-bg-size:cover;--awb-width-large:100%;--awb-margin-top-large:0px;--awb-spacing-right-large:1.92%;--awb-margin-bottom-large:0px;--awb-spacing-left-large:1.92%;--awb-width-medium:100%;--awb-spacing-right-medium:1.92%;--awb-spacing-left-medium:1.92%;--awb-width-small:100%;--awb-spacing-right-small:1.92%;--awb-spacing-left-small:1.92%;\"><div class=\"fusion-column-wrapper fusion-flex-justify-content-flex-start fusion-content-layout-column\"><div class=\"fusion-text fusion-text-1\"><h1><strong>Informaci\u00f3n b\u00e1sica sobre Protecci\u00f3n de Datos<\/strong><\/h1>\n<p><strong>Responsable del Tratamiento:<\/strong>\u00a0PAGAFX<br \/>\n<strong>Finalidad:<\/strong>\u00a0Atender sus peticiones.<br \/>\n<strong>Legitimaci\u00f3n:<\/strong>\u00a0Consentimiento de los usuarios.<br \/>\n<strong>Destinatarios:<\/strong>\u00a0 No se ceder\u00e1n datos a terceros, salvo obligaci\u00f3n legal.<br \/>\n<strong>Derechos de los titulares de los datos:<\/strong>\u00a0Se podr\u00e1n ejercer los derechos de acceso, rectificaci\u00f3n, supresi\u00f3n, portabilidad, limitaci\u00f3n del tratamiento, y de oposici\u00f3n al tratamiento, dirigi\u00e9ndose al correo electr\u00f3nico:\u00a0<strong>info@pagafx.agency<\/strong><\/p>\n<h3><strong>Informaci\u00f3n general<\/strong><\/h3>\n<p>El presente texto contiene la pol\u00edtica de privacidad (en adelante, la \u201cPol\u00edtica de Privacidad\u201d) aplicada a sus datos personales en el presente sitio web\u00a0<strong>www.pagafx.agency<\/strong>\u00a0(en adelante, la \u201cWeb\u201d), en cumplimiento de la normativa sobre protecci\u00f3n de la privacidad, y en concreto, de conformidad con el Reglamento 2016\/679 de Protecci\u00f3n de Datos (RGPD)\u00a0y la Ley Org\u00e1nica, 3\/2018, de 5 de diciembre, de Protecci\u00f3n de Datos Personales y Garant\u00eda de los Derechos Digitales (LOPDGDD)\u00a0as\u00ed como otras normas de\u00a0desarrollo o complementarias.<\/p>\n<h3><strong>Datos identificativos<\/strong><\/h3>\n<p>Los datos identificativos y de contacto del titular y responsable de la Web son los que figuran a continuaci\u00f3n:<\/p>\n<p><strong>Titular:\u00a0\u00a0<\/strong>PAGAFX.<br \/>\n<strong>NIT:<\/strong>\u00a0901139541-1<br \/>\n<strong>Email:<\/strong>\u00a0<strong>info@pagafx.agency<\/strong><br \/>\n<strong>Tel\u00e9fono:\u00a0<\/strong>+57 310 636 8784<\/p>\n<h3><strong>Finalidad del tratamiento de los datos<\/strong><\/h3>\n<p>La Web recoge datos personales del usuario proporcionados voluntariamente por el propio usuario en los apartados informados de la Web. Todos los datos personales recogidos, los incorporamos a ficheros responsabilidad del Titular de la Web. Dichos datos ser\u00e1n tratados con las finalidades siguientes:<\/p>\n<ul>\n<li>\u00a0Para tener en cuenta su curr\u00edculum vitae en los procesos de selecci\u00f3n de personal.<\/li>\n<li>\u00a0Para efectuar el env\u00edo de comunicaciones publicitarias (en el supuesto que lo autorice) relacionadas con los servicios ofrecidos en la Web.<\/li>\n<li>\u00a0Para poder contactar con el usuario.<\/li>\n<\/ul>\n<p>La base jur\u00eddica para el tratamiento de sus datos es el consentimiento que usted nos facilita al ponerse en contacto con nosotros y facilitarnos sus datos personales.<\/p>\n<p>Antes de que nos facilite datos personales de terceros, debe haber recabado previamente su consentimiento respecto al contenido de la presente Pol\u00edtica de Privacidad.<\/p>\n<p>Si voluntariamente nos facilita datos de car\u00e1cter personal, consiente t\u00e1citamente a que el Titular de la Web procese sus datos como aqu\u00ed se detalla. En el caso en el que los datos personales facilitados por el usuario se utilicen con finalidades distintas a las enunciadas, se solicitar\u00e1 el consentimiento expreso del usuario.<\/p>\n<p>Para recibir mayor informaci\u00f3n sobre sus datos personales y la finalidad de su tratamiento, contacten con el Titular de la Web.<\/p>\n<p>Los datos obtenidos se conservar\u00e1n durante el tiempo requerido para atender su petici\u00f3n. A continuaci\u00f3n, los datos ser\u00e1n conservados hasta que finalicen los plazos para atender cualquier eventualidad relacionada con el tratamiento de datos. A la expiraci\u00f3n de estos plazos, los datos ser\u00e1n eliminados, bloqueados y destruidos.<\/p>\n<h3><strong>Seguridad y cumplimiento<\/strong><\/h3>\n<p>El Titular de la Web tratar\u00e1 los datos de los usuarios de manera adecuada y responsable, y adoptar\u00e1 todas las medidas de \u00edndole t\u00e9cnica y organizativa que exige la legislaci\u00f3n vigente en materia de protecci\u00f3n de datos, a fin de evitar la alteraci\u00f3n, p\u00e9rdida, tratamiento o acceso no autorizado a los datos.<\/p>\n<h3><strong>Servicios de terceros<\/strong><\/h3>\n<p>Con car\u00e1cter general,\u00a0no cederemos sus datos a terceros salvo obligaci\u00f3n legal.\u00a0Sin embargo, si durante el transcurso de su visita de la p\u00e1gina web<strong>\u00a0<\/strong><strong>www.pagafx.agency<\/strong>\u00a0el Usuario tiene dudas, puede iniciar un di\u00e1logo con el chat de WhatsApp escaneando el c\u00f3digo QR que le aparecer\u00e1 al clicar en el bot\u00f3n \u00bfNecesitas Ayuda?<\/p>\n<h3><strong>Derechos<\/strong><\/h3>\n<p>Puede ejercer sus derechos de acceso, rectificaci\u00f3n, supresi\u00f3n, portabilidad, limitaci\u00f3n y oposici\u00f3n del tratamiento, remitiendo una comunicaci\u00f3n escrita a la que deber\u00e1 acompa\u00f1ar una copia de su documento nacional de identidad, pasaporte u otro documento v\u00e1lido que lo identifique, la petici\u00f3n que realiza, su direcci\u00f3n a efectos de notificaciones, la fecha y su firma, junto con los documentos que acrediten la petici\u00f3n, en su caso, a la direcci\u00f3n Calle Padilla n\u00ba 225, 5\u00ba1\u00aa, 08013, de Barcelona, o bien enviando un correo electr\u00f3nico a\u00a0<strong>info@pagafx.agency<\/strong>.<\/p>\n<p>Asimismo, tambi\u00e9n tiene derecho a presentar una reclamaci\u00f3n ante la Agencia Espa\u00f1ola de Protecci\u00f3n de datos si no est\u00e1 satisfecho con la atenci\u00f3n de sus derechos.<\/p>\n<\/div><\/div><\/div><\/div><\/div><\/p>\n","protected":false},"excerpt":{"rendered":"","protected":false},"author":1,"featured_media":0,"parent":0,"menu_order":0,"comment_status":"closed","ping_status":"closed","template":"100-width.php","meta":{"footnotes":""},"class_list":["post-240","page","type-page","status-publish","hentry"],"_links":{"self":[{"href":"https:\/\/pagafx.agency\/index.php\/wp-json\/wp\/v2\/pages\/240","targetHints":{"allow":["GET"]}}],"collection":[{"href":"https:\/\/pagafx.agency\/index.php\/wp-json\/wp\/v2\/pages"}],"about":[{"href":"https:\/\/pagafx.agency\/index.php\/wp-json\/wp\/v2\/types\/page"}],"author":[{"embeddable":true,"href":"https:\/\/pagafx.agency\/index.php\/wp-json\/wp\/v2\/users\/1"}],"replies":[{"embeddable":true,"href":"https:\/\/pagafx.agency\/index.php\/wp-json\/wp\/v2\/comments?post=240"}],"version-history":[{"count":5,"href":"https:\/\/pagafx.agency\/index.php\/wp-json\/wp\/v2\/pages\/240\/revisions"}],"predecessor-version":[{"id":336,"href":"https:\/\/pagafx.agency\/index.php\/wp-json\/wp\/v2\/pages\/240\/revisions\/336"}],"wp:attachment":[{"href":"https:\/\/pagafx.agency\/index.php\/wp-json\/wp\/v2\/media?parent=240"}],"curies":[{"name":"wp","href":"https:\/\/api.w.org\/{rel}","templated":true}]}}