{"id":228,"date":"2023-11-29T06:58:31","date_gmt":"2023-11-29T05:58:31","guid":{"rendered":"https:\/\/pagafx.agency\/?page_id=228"},"modified":"2026-02-12T09:10:43","modified_gmt":"2026-02-12T14:10:43","slug":"contacto","status":"publish","type":"page","link":"https:\/\/pagafx.agency\/index.php\/contacto\/","title":{"rendered":"Contacto"},"content":{"rendered":"<p><div class=\"fusion-fullwidth fullwidth-box fusion-builder-row-1 fusion-flex-container has-pattern-background has-mask-background fusion-parallax-none nonhundred-percent-fullwidth non-hundred-percent-height-scrolling fusion-no-medium-visibility fusion-no-large-visibility\" style=\"--awb-background-position:left center;--awb-border-radius-top-left:0px;--awb-border-radius-top-right:0px;--awb-border-radius-bottom-right:0px;--awb-border-radius-bottom-left:0px;--awb-margin-top:-20px;--awb-background-image:url(&quot;https:\/\/pagafx.agency\/wp-content\/uploads\/2025\/06\/ChatGPT-Image-16-jun-2025-16_03_26.png&quot;);--awb-background-size:cover;--awb-flex-wrap:wrap;\" ><div class=\"fusion-builder-row fusion-row fusion-flex-align-items-flex-start fusion-flex-content-wrap\" style=\"max-width:1248px;margin-left: calc(-4% \/ 2 );margin-right: calc(-4% \/ 2 );\"><div class=\"fusion-layout-column fusion_builder_column fusion-builder-column-0 fusion_builder_column_2_5 2_5 fusion-flex-column\" style=\"--awb-bg-color:rgba(0,0,0,0.6);--awb-bg-color-hover:rgba(0,0,0,0.6);--awb-bg-size:cover;--awb-width-large:40%;--awb-margin-top-large:300px;--awb-spacing-right-large:4.8%;--awb-margin-bottom-large:100px;--awb-spacing-left-large:4.8%;--awb-width-medium:40%;--awb-order-medium:0;--awb-spacing-right-medium:4.8%;--awb-spacing-left-medium:4.8%;--awb-width-small:100%;--awb-order-small:0;--awb-spacing-right-small:1.92%;--awb-spacing-left-small:1.92%;\" data-scroll-devices=\"small-visibility,medium-visibility,large-visibility\"><div class=\"fusion-column-wrapper fusion-column-has-shadow fusion-flex-justify-content-flex-start fusion-content-layout-column\"><div class=\"fusion-title title fusion-title-1 fusion-sep-none fusion-title-text fusion-title-size-one\" style=\"--awb-text-color:#ffffff;--awb-margin-left:30px;\"><h1 class=\"fusion-title-heading title-heading-left\" style=\"margin:0;\">Pagafx &#8211; Contacto<\/h1><\/div><\/div><\/div><\/div><\/div><div class=\"fusion-fullwidth fullwidth-box fusion-builder-row-2 fusion-flex-container has-pattern-background has-mask-background faded-background fusion-parallax-none nonhundred-percent-fullwidth non-hundred-percent-height-scrolling fusion-no-small-visibility\" style=\"--awb-border-radius-top-left:0px;--awb-border-radius-top-right:0px;--awb-border-radius-bottom-right:0px;--awb-border-radius-bottom-left:0px;--awb-margin-top:-20px;--awb-background-size:cover;--awb-flex-wrap:wrap;\" ><div class=\"fullwidth-faded\" style=\"--awb-background-image:url(https:\/\/pagafx.agency\/wp-content\/uploads\/2025\/06\/ChatGPT-Image-16-jun-2025-16_03_26.png);--awb-background-size:cover;\" ><\/div><div class=\"fusion-builder-row fusion-row fusion-flex-align-items-flex-start fusion-flex-content-wrap\" style=\"max-width:1248px;margin-left: calc(-4% \/ 2 );margin-right: calc(-4% \/ 2 );\"><div class=\"fusion-layout-column fusion_builder_column fusion-builder-column-1 fusion_builder_column_2_5 2_5 fusion-flex-column\" style=\"--awb-bg-color:rgba(0,0,0,0.6);--awb-bg-color-hover:rgba(0,0,0,0.6);--awb-bg-size:cover;--awb-width-large:40%;--awb-margin-top-large:200px;--awb-spacing-right-large:4.8%;--awb-margin-bottom-large:200px;--awb-spacing-left-large:4.8%;--awb-width-medium:40%;--awb-order-medium:0;--awb-spacing-right-medium:4.8%;--awb-spacing-left-medium:4.8%;--awb-width-small:100%;--awb-order-small:0;--awb-spacing-right-small:1.92%;--awb-spacing-left-small:1.92%;\" data-scroll-devices=\"small-visibility,medium-visibility,large-visibility\"><div class=\"fusion-column-wrapper fusion-column-has-shadow fusion-flex-justify-content-flex-start fusion-content-layout-column\"><div class=\"fusion-title title fusion-title-2 fusion-sep-none fusion-title-text fusion-title-size-one\" style=\"--awb-text-color:#ffffff;--awb-margin-left:30px;\"><h1 class=\"fusion-title-heading title-heading-left\" style=\"margin:0;\">Pagafx &#8211; Contacto<\/h1><\/div><\/div><\/div><\/div><\/div><div class=\"fusion-fullwidth fullwidth-box fusion-builder-row-3 fusion-flex-container has-pattern-background has-mask-background nonhundred-percent-fullwidth non-hundred-percent-height-scrolling\" style=\"--awb-border-radius-top-left:0px;--awb-border-radius-top-right:0px;--awb-border-radius-bottom-right:0px;--awb-border-radius-bottom-left:0px;--awb-flex-wrap:wrap;\" ><div class=\"fusion-builder-row fusion-row fusion-flex-align-items-flex-start fusion-flex-content-wrap\" style=\"max-width:1248px;margin-left: calc(-4% \/ 2 );margin-right: calc(-4% \/ 2 );\"><div class=\"fusion-layout-column fusion_builder_column fusion-builder-column-2 fusion_builder_column_1_1 1_1 fusion-flex-column\" style=\"--awb-bg-size:cover;--awb-width-large:100%;--awb-margin-top-large:50px;--awb-spacing-right-large:1.92%;--awb-margin-bottom-large:20px;--awb-spacing-left-large:1.92%;--awb-width-medium:100%;--awb-order-medium:0;--awb-spacing-right-medium:1.92%;--awb-spacing-left-medium:1.92%;--awb-width-small:100%;--awb-order-small:0;--awb-spacing-right-small:1.92%;--awb-spacing-left-small:1.92%;\" data-scroll-devices=\"small-visibility,medium-visibility,large-visibility\"><div class=\"fusion-column-wrapper fusion-column-has-shadow fusion-flex-justify-content-flex-start fusion-content-layout-column\"><div class=\"fusion-text fusion-text-1\"><h3><strong>Servicios audiovisuales en Medell\u00edn<\/strong><\/h3>\n<\/div><div class=\"fusion-text fusion-text-2\" style=\"--awb-margin-top:-20px;\"><h2>Contacta con PAGAFX<\/h2>\n<\/div><\/div><\/div><div class=\"fusion-layout-column fusion_builder_column fusion-builder-column-3 fusion_builder_column_1_3 1_3 fusion-flex-column\" style=\"--awb-bg-size:cover;--awb-width-large:33.333333333333%;--awb-margin-top-large:0px;--awb-spacing-right-large:5.76%;--awb-margin-bottom-large:20px;--awb-spacing-left-large:5.76%;--awb-width-medium:33.333333333333%;--awb-order-medium:0;--awb-spacing-right-medium:5.76%;--awb-spacing-left-medium:5.76%;--awb-width-small:100%;--awb-order-small:0;--awb-spacing-right-small:1.92%;--awb-spacing-left-small:1.92%;\"><div class=\"fusion-column-wrapper fusion-column-has-shadow fusion-flex-justify-content-flex-start fusion-content-layout-column\"><i class=\"fb-icon-element-1 fb-icon-element fontawesome-icon fa-mobile-alt fas circle-yes\" style=\"--awb-circlebordersize:1px;--awb-font-size:88px;--awb-width:176px;--awb-height:176px;--awb-line-height:174px;--awb-margin-top:0;--awb-margin-right:0;--awb-margin-bottom:0;--awb-margin-left:0;--awb-align-self:center;\"><\/i><div class=\"fusion-text fusion-text-3\"><h3 style=\"text-align: center;\">Escr\u00edbenos o llamanos<\/h3>\n<p style=\"text-align: center;\">310 636 8784<\/p>\n<\/div><\/div><\/div><div class=\"fusion-layout-column fusion_builder_column fusion-builder-column-4 fusion_builder_column_1_3 1_3 fusion-flex-column\" style=\"--awb-bg-size:cover;--awb-width-large:33.333333333333%;--awb-margin-top-large:0px;--awb-spacing-right-large:5.76%;--awb-margin-bottom-large:20px;--awb-spacing-left-large:5.76%;--awb-width-medium:33.333333333333%;--awb-order-medium:0;--awb-spacing-right-medium:5.76%;--awb-spacing-left-medium:5.76%;--awb-width-small:100%;--awb-order-small:0;--awb-spacing-right-small:1.92%;--awb-spacing-left-small:1.92%;\"><div class=\"fusion-column-wrapper fusion-column-has-shadow fusion-flex-justify-content-flex-start fusion-content-layout-column\"><i class=\"fb-icon-element-2 fb-icon-element fontawesome-icon fa-at fas circle-yes\" style=\"--awb-circlebordersize:1px;--awb-font-size:88px;--awb-width:176px;--awb-height:176px;--awb-line-height:174px;--awb-margin-top:0;--awb-margin-right:0;--awb-margin-bottom:0;--awb-margin-left:0;--awb-align-self:center;\"><\/i><div class=\"fusion-text fusion-text-4\"><h3 style=\"text-align: center;\">Env\u00edanos un email<\/h3>\n<p style=\"text-align: center;\">info@pagafx.agency<\/p>\n<\/div><\/div><\/div><div class=\"fusion-layout-column fusion_builder_column fusion-builder-column-5 fusion_builder_column_1_3 1_3 fusion-flex-column\" style=\"--awb-bg-size:cover;--awb-width-large:33.333333333333%;--awb-margin-top-large:0px;--awb-spacing-right-large:5.76%;--awb-margin-bottom-large:20px;--awb-spacing-left-large:5.76%;--awb-width-medium:33.333333333333%;--awb-order-medium:0;--awb-spacing-right-medium:5.76%;--awb-spacing-left-medium:5.76%;--awb-width-small:100%;--awb-order-small:0;--awb-spacing-right-small:1.92%;--awb-spacing-left-small:1.92%;\"><div class=\"fusion-column-wrapper fusion-column-has-shadow fusion-flex-justify-content-flex-start fusion-content-layout-column\"><i class=\"fb-icon-element-3 fb-icon-element fontawesome-icon fa-map-marker-alt fas circle-yes\" style=\"--awb-circlebordersize:1px;--awb-font-size:88px;--awb-width:176px;--awb-height:176px;--awb-line-height:174px;--awb-margin-top:0;--awb-margin-right:0;--awb-margin-bottom:0;--awb-margin-left:0;--awb-align-self:center;\"><\/i><div class=\"fusion-text fusion-text-5\"><h3 style=\"text-align: center;\">Donde estamos<\/h3>\n<\/div><\/div><\/div><div class=\"fusion-layout-column fusion_builder_column fusion-builder-column-6 fusion_builder_column_2_3 2_3 fusion-flex-column\" style=\"--awb-bg-size:cover;--awb-width-large:66.666666666667%;--awb-margin-top-large:0px;--awb-spacing-right-large:2.88%;--awb-margin-bottom-large:20px;--awb-spacing-left-large:2.88%;--awb-width-medium:66.666666666667%;--awb-order-medium:0;--awb-spacing-right-medium:2.88%;--awb-spacing-left-medium:2.88%;--awb-width-small:100%;--awb-order-small:0;--awb-spacing-right-small:1.92%;--awb-spacing-left-small:1.92%;\" data-scroll-devices=\"small-visibility,medium-visibility,large-visibility\"><div class=\"fusion-column-wrapper fusion-column-has-shadow fusion-flex-justify-content-flex-start fusion-content-layout-column\"><div class=\"fusion-title title fusion-title-3 fusion-sep-none fusion-title-text fusion-title-size-three\" style=\"--awb-font-size:26px;\"><h3 class=\"fusion-title-heading title-heading-left\" style=\"margin:0;font-size:1em;\"><h3><strong>Escr\u00edbenos\u00a0<\/strong><\/h3><\/h3><\/div><div class=\"fusion-text fusion-text-6\" style=\"--awb-margin-top:-30px;\"><p>\u00bfBuscas la creaci\u00f3n de un video pero te sientes perdido en c\u00f3mo comenzar? No hay raz\u00f3n para preocuparse; comparte tu concepto con nosotros o simplemente env\u00eda tus preguntas. En pagafx, nos complace atenderte y estamos listos para convertir tu proyecto en una realidad.<\/p>\n<\/div><div class=\"fusion-form fusion-form-builder fusion-form-form-wrapper fusion-form-239\" style=\"--awb-tooltip-text-color:#ffffff;--awb-tooltip-background-color:#333333;\" data-form-id=\"239\" data-config=\"{&quot;form_id&quot;:&quot;239&quot;,&quot;form_post_id&quot;:&quot;239&quot;,&quot;post_id&quot;:228,&quot;form_type&quot;:&quot;ajax&quot;,&quot;confirmation_type&quot;:&quot;message&quot;,&quot;redirect_url&quot;:&quot;&quot;,&quot;field_labels&quot;:{&quot;nombre_completo&quot;:&quot;Nombre completo&quot;,&quot;Empresa&quot;:&quot;Nombre de la empresa o emprendimiento&quot;,&quot;correo_electronico&quot;:&quot;Correo Electr\\u00f3nico&quot;,&quot;\\u00bfcomo_nos_has_encontrado*&quot;:&quot;\\u00bfC\\u00f3mo nos has encontrado?*&quot;,&quot;cuentanos_que_necesitas&quot;:&quot;D\\u00e9janos tu consulta&quot;,&quot;quiero_recibir_noticias&quot;:&quot;&quot;,&quot;privacidad&quot;:&quot;&quot;},&quot;field_logics&quot;:{&quot;nombre_completo&quot;:&quot;&quot;,&quot;Empresa&quot;:&quot;&quot;,&quot;correo_electronico&quot;:&quot;&quot;,&quot;\\u00bfcomo_nos_has_encontrado*&quot;:&quot;&quot;,&quot;cuentanos_que_necesitas&quot;:&quot;&quot;,&quot;quiero_recibir_noticias&quot;:&quot;&quot;,&quot;privacidad&quot;:&quot;&quot;},&quot;field_types&quot;:{&quot;nombre_completo&quot;:&quot;text&quot;,&quot;Empresa&quot;:&quot;text&quot;,&quot;correo_electronico&quot;:&quot;email&quot;,&quot;\\u00bfcomo_nos_has_encontrado*&quot;:&quot;text&quot;,&quot;cuentanos_que_necesitas&quot;:&quot;textarea&quot;,&quot;quiero_recibir_noticias&quot;:&quot;consent&quot;,&quot;privacidad&quot;:&quot;consent&quot;,&quot;submit_1&quot;:&quot;submit&quot;},&quot;nonce_method&quot;:&quot;ajax&quot;}\"><form action=\"https:\/\/pagafx.agency\/index.php\/contacto\/\" method=\"post\" class=\"fusion-form fusion-form-239\"><div class=\"fusion-fullwidth fullwidth-box fusion-builder-row-3-1 fusion-flex-container has-pattern-background has-mask-background nonhundred-percent-fullwidth non-hundred-percent-height-scrolling\" style=\"--awb-border-radius-top-left:0px;--awb-border-radius-top-right:0px;--awb-border-radius-bottom-right:0px;--awb-border-radius-bottom-left:0px;--awb-padding-right:30px;--awb-padding-left:30px;--awb-background-image:linear-gradient(180deg, var(--awb-color2) 0%,rgba(255,255,255,0) 100%);--awb-flex-wrap:wrap;\" ><div class=\"fusion-builder-row fusion-row fusion-flex-align-items-flex-start fusion-flex-content-wrap\" style=\"width:104% !important;max-width:104% !important;margin-left: calc(-4% \/ 2 );margin-right: calc(-4% \/ 2 );\"><div class=\"fusion-layout-column fusion_builder_column fusion-builder-column-7 fusion_builder_column_1_1 1_1 fusion-flex-column\" style=\"--awb-bg-color:rgba(255,255,255,0);--awb-bg-color-hover:rgba(255,255,255,0);--awb-bg-size:cover;--awb-width-large:100%;--awb-margin-top-large:40px;--awb-spacing-right-large:1.92%;--awb-margin-bottom-large:20px;--awb-spacing-left-large:1.92%;--awb-width-medium:100%;--awb-order-medium:0;--awb-spacing-right-medium:1.92%;--awb-spacing-left-medium:1.92%;--awb-width-small:100%;--awb-order-small:0;--awb-spacing-right-small:1.92%;--awb-spacing-left-small:1.92%;\" data-scroll-devices=\"small-visibility,medium-visibility,large-visibility\"><div class=\"fusion-column-wrapper fusion-column-has-shadow fusion-flex-justify-content-flex-start fusion-content-layout-column\"><div class=\"fusion-form-field fusion-form-text-field fusion-form-label-above\" style=\"\" data-form-id=\"239\"><div class=\"fusion-form-label-wrapper\"><label for=\"nombre_completo\">Nombre completo <abbr class=\"fusion-form-element-required\" title=\"required\">*<\/abbr><\/label><\/div><div class=\"fusion-form-input-with-icon\"><i class=\"awb-form-icon fa-user-alt fas\"><\/i><input type=\"text\" autocomplete=\"off\"  data-empty-notice=\"Escribe tu nombre completo\" name=\"nombre_completo\" id=\"nombre_completo\" value=\"\"  class=\"fusion-form-input\" required=\"true\" aria-required=\"true\" placeholder=\"Nombre *\" data-holds-private-data=\"false\" minlength=\"0\"\/><\/div><\/div><div class=\"fusion-form-field fusion-form-text-field fusion-form-label-above\" style=\"\" data-form-id=\"239\"><div class=\"fusion-form-label-wrapper\"><label for=\"Empresa\">Nombre de la empresa o emprendimiento <abbr class=\"fusion-form-element-required\" title=\"required\">*<\/abbr><\/label><\/div><div class=\"fusion-form-input-with-icon\"><i class=\"awb-form-icon fa-book-reader fas\"><\/i><input type=\"text\" autocomplete=\"off\" name=\"Empresa\" id=\"Empresa\" value=\"\"  class=\"fusion-form-input\" required=\"true\" aria-required=\"true\" placeholder=\"empresa *\" data-holds-private-data=\"false\" minlength=\"0\"\/><\/div><\/div><div class=\"fusion-form-field fusion-form-email-field fusion-form-label-above\" style=\"\" data-form-id=\"239\"><div class=\"fusion-form-label-wrapper\"><label for=\"correo_electronico\">Correo Electr\u00f3nico <abbr class=\"fusion-form-element-required\" title=\"required\">*<\/abbr><\/label><\/div><div class=\"fusion-form-input-with-icon\"><i class=\"awb-form-icon fa-at fas\"><\/i><input type=\"email\" autocomplete=\"off\" name=\"correo_electronico\" id=\"correo_electronico\" value=\"\"  class=\"fusion-form-input\" required=\"true\" aria-required=\"true\" placeholder=\"e-mail *\" data-holds-private-data=\"false\"\/><\/div><\/div><div class=\"fusion-form-field fusion-form-text-field fusion-form-label-above\" style=\"\" data-form-id=\"239\"><div class=\"fusion-form-label-wrapper\"><label for=\"\u00bfcomo_nos_has_encontrado*\">\u00bfC\u00f3mo nos has encontrado?* <abbr class=\"fusion-form-element-required\" title=\"required\">*<\/abbr><\/label><\/div><div class=\"fusion-form-input-with-icon\"><i class=\"awb-form-icon fa-question-circle fas\"><\/i><input type=\"text\" autocomplete=\"off\" name=\"\u00bfcomo_nos_has_encontrado*\" id=\"\u00bfcomo_nos_has_encontrado*\" value=\"\"  class=\"fusion-form-input\" required=\"true\" aria-required=\"true\" placeholder=\"\u00bfC\u00f3mo nos has encontrado? *\" data-holds-private-data=\"false\" minlength=\"0\"\/><\/div><\/div><div class=\"fusion-form-field fusion-form-textarea-field fusion-form-label-above\" style=\"\" data-form-id=\"239\"><label for=\"cuentanos_que_necesitas\">D\u00e9janos tu consulta <abbr class=\"fusion-form-element-required\" title=\"required\">*<\/abbr><\/label><div class=\"fusion-form-input-with-icon\"><i class=\" fa-align-justify fas\"><\/i><textarea cols=\"40\" autocomplete=\"off\"  minlength=\"0\"  rows=\"4\" tabindex=\"\" id=\"cuentanos_que_necesitas\" name=\"cuentanos_que_necesitas\" class=\"fusion-form-input\" required=\"true\" aria-required=\"true\" data-holds-private-data=\"false\"><\/textarea><\/div><\/div><div class=\"fusion-form-field fusion-form-consent-field fusion-form-label-above\" style=\"\" data-form-id=\"239\"><div class=\"fusion-form-checkbox option-inline\"><input tabindex=\"\" id=\"quiero_recibir_noticias\" type=\"checkbox\" value=\"1\" name=\"quiero_recibir_noticias\" class=\"fusion-form-input\"\/><label for=\"quiero_recibir_noticias\">Quiero suscribirme a la <strong>Newsletter<\/strong> para estar al d\u00eda de <strong>Pagafx<\/strong><\/label><\/div><\/div><div class=\"fusion-form-field fusion-form-consent-field fusion-form-label-above\" style=\"\" data-form-id=\"239\"><div class=\"fusion-form-checkbox option-inline\"><input tabindex=\"\" id=\"privacidad\" type=\"checkbox\" value=\"1\" name=\"privacidad\" class=\"fusion-form-input\" required=\"true\" aria-required=\"true\"\/><label for=\"privacidad\">Acepto las <a href=\"https:\/\/pagafx.co\/index.php\/politica-de-privacidad\/\">Pol\u00edtica de Privacidad<\/a> <\/label><\/div><\/div><div class=\"fusion-form-field fusion-form-submit-field fusion-form-label-above\" style=\"\" data-form-id=\"239\"><div style=\"text-align:center;\"><button type=\"submit\" class=\"fusion-button button-flat button-xlarge button-default fusion-button-default button-1 fusion-button-span-yes  form-form-submit button-default\" data-form-number=\"239\" tabindex=\"\"><span class=\"fusion-button-text awb-button__text awb-button__text--default\">Enviar mensaje<\/span><\/button><\/div><\/div><div class=\"fusion-text fusion-text-7\"><p>Nunca compartas informaci\u00f3n confidencial<strong> (n\u00fameros de tarjetas de cr\u00e9dito, n\u00fameros de identificaci\u00f3n personal, contrase\u00f1as)<\/strong> a trav\u00e9s de este formulario.<\/p>\n<\/div>\n<\/div><\/div><\/div><\/div><input type=\"hidden\" name=\"fusion_privacy_store_ip_ua\" value=\"false\"><input type=\"hidden\" name=\"fusion_privacy_expiration_interval\" value=\"48\"><input type=\"hidden\" name=\"privacy_expiration_action\" value=\"anonymize\"><\/form><\/div><\/div><\/div><div class=\"fusion-layout-column fusion_builder_column fusion-builder-column-8 fusion_builder_column_1_3 1_3 fusion-flex-column\" style=\"--awb-bg-size:cover;--awb-width-large:33.333333333333%;--awb-margin-top-large:0px;--awb-spacing-right-large:5.76%;--awb-margin-bottom-large:20px;--awb-spacing-left-large:5.76%;--awb-width-medium:33.333333333333%;--awb-order-medium:0;--awb-spacing-right-medium:5.76%;--awb-spacing-left-medium:5.76%;--awb-width-small:100%;--awb-order-small:0;--awb-spacing-right-small:1.92%;--awb-spacing-left-small:1.92%;\"><div class=\"fusion-column-wrapper fusion-column-has-shadow fusion-flex-justify-content-flex-start fusion-content-layout-column\"><div class=\"fusion-title title fusion-title-4 fusion-sep-none fusion-title-center fusion-title-text fusion-title-size-three\" style=\"--awb-font-size:26px;\"><h3 class=\"fusion-title-heading title-heading-center\" style=\"margin:0;font-size:1em;\"><h3><strong>Tu Historia, Nuestra Pasi\u00f3n<\/strong><\/h3><\/h3><\/div><div class=\"fusion-text fusion-text-8\" style=\"--awb-margin-top:-30px;\"><p>Innovamos en Cada Fotograma, contamos historias y tejemos Emociones<\/p>\n<\/div><ul style=\"--awb-size:25px;--awb-item-padding-left:10px;--awb-iconcolor:var(--awb-color4);--awb-line-height:42.5px;--awb-icon-width:42.5px;--awb-icon-height:42.5px;--awb-icon-margin:17.5px;--awb-content-margin:60px;\" class=\"fusion-checklist fusion-checklist-1 fusion-checklist-default fusion-checklist-divider type-icons\"><li class=\"fusion-li-item\" style=\"\"><span class=\"icon-wrapper circle-no\"><i class=\"fusion-li-icon fa-lightbulb fas\" aria-hidden=\"true\"><\/i><\/span><div class=\"fusion-li-item-content\">\n<p>Idea<\/p>\n<\/div><\/li><li class=\"fusion-li-item\" style=\"\"><span class=\"icon-wrapper circle-no\"><i class=\"fusion-li-icon fa-cogs fas\" aria-hidden=\"true\"><\/i><\/span><div class=\"fusion-li-item-content\">\n<p>Estrategia<\/p>\n<\/div><\/li><li class=\"fusion-li-item\" style=\"\"><span class=\"icon-wrapper circle-no\"><i class=\"fusion-li-icon fa-video fas\" aria-hidden=\"true\"><\/i><\/span><div class=\"fusion-li-item-content\">\n<p>Producci\u00f3n<\/p>\n<\/div><\/li><li class=\"fusion-li-item\" style=\"\"><span class=\"icon-wrapper circle-no\"><i class=\"fusion-li-icon fa-film fas\" aria-hidden=\"true\"><\/i><\/span><div class=\"fusion-li-item-content\">\n<p>Edici\u00f3n<\/p>\n<\/div><\/li><li class=\"fusion-li-item\" style=\"\"><span class=\"icon-wrapper circle-no\"><i class=\"fusion-li-icon fa-paper-plane fas\" aria-hidden=\"true\"><\/i><\/span><div class=\"fusion-li-item-content\">\n<p>Entrega<\/p>\n<\/div><\/li><\/ul><div class=\"fusion-image-element \" style=\"text-align:center;--awb-margin-top:20px;--awb-margin-bottom:020px;--awb-max-width:80%;--awb-caption-title-font-family:var(--h2_typography-font-family);--awb-caption-title-font-weight:var(--h2_typography-font-weight);--awb-caption-title-font-style:var(--h2_typography-font-style);--awb-caption-title-size:var(--h2_typography-font-size);--awb-caption-title-transform:var(--h2_typography-text-transform);--awb-caption-title-line-height:var(--h2_typography-line-height);--awb-caption-title-letter-spacing:var(--h2_typography-letter-spacing);\"><span class=\" fusion-imageframe imageframe-none imageframe-1 hover-type-none\"><img decoding=\"async\" width=\"400\" height=\"223\" title=\"logo-pagafxoscuro\" src=\"https:\/\/pagafx.agency\/wp-content\/uploads\/2023\/11\/logo-pagafxoscuro.png\" alt class=\"img-responsive wp-image-11\" srcset=\"https:\/\/pagafx.agency\/wp-content\/uploads\/2023\/11\/logo-pagafxoscuro-200x112.png 200w, https:\/\/pagafx.agency\/wp-content\/uploads\/2023\/11\/logo-pagafxoscuro.png 400w\" sizes=\"(max-width: 640px) 100vw, 400px\" \/><\/span><\/div><ul style=\"--awb-size:25px;--awb-item-padding-left:10px;--awb-iconcolor:var(--awb-color4);--awb-line-height:42.5px;--awb-icon-width:42.5px;--awb-icon-height:42.5px;--awb-icon-margin:17.5px;--awb-content-margin:60px;\" class=\"fusion-checklist fusion-checklist-2 fusion-checklist-default fusion-checklist-divider type-icons\"><li class=\"fusion-li-item\" style=\"\"><span class=\"icon-wrapper circle-no\"><i class=\"fusion-li-icon fa-circle fas\" aria-hidden=\"true\"><\/i><\/span><div class=\"fusion-li-item-content\">\n<p>Creatividad<\/p>\n<\/div><\/li><li class=\"fusion-li-item\" style=\"\"><span class=\"icon-wrapper circle-no\"><i class=\"fusion-li-icon fa-circle fas\" aria-hidden=\"true\"><\/i><\/span><div class=\"fusion-li-item-content\">\n<p>Compromiso con la Calidad<\/p>\n<\/div><\/li><li class=\"fusion-li-item\" style=\"\"><span class=\"icon-wrapper circle-no\"><i class=\"fusion-li-icon fa-circle fas\" aria-hidden=\"true\"><\/i><\/span><div class=\"fusion-li-item-content\">\n<p>Colaboraci\u00f3n<\/p>\n<\/div><\/li><li class=\"fusion-li-item\" style=\"\"><span class=\"icon-wrapper circle-no\"><i class=\"fusion-li-icon fa-circle fas\" aria-hidden=\"true\"><\/i><\/span><div class=\"fusion-li-item-content\">\n<p>Integridad<\/p>\n<\/div><\/li><li class=\"fusion-li-item\" style=\"\"><span class=\"icon-wrapper circle-no\"><i class=\"fusion-li-icon fa-circle fas\" aria-hidden=\"true\"><\/i><\/span><div class=\"fusion-li-item-content\">\n<p>Innovaci\u00f3n<\/p>\n<\/div><\/li><\/ul><\/div><\/div><\/div><\/div><\/p>\n","protected":false},"excerpt":{"rendered":"","protected":false},"author":1,"featured_media":0,"parent":0,"menu_order":0,"comment_status":"closed","ping_status":"closed","template":"100-width.php","meta":{"footnotes":""},"class_list":["post-228","page","type-page","status-publish","hentry"],"_links":{"self":[{"href":"https:\/\/pagafx.agency\/index.php\/wp-json\/wp\/v2\/pages\/228","targetHints":{"allow":["GET"]}}],"collection":[{"href":"https:\/\/pagafx.agency\/index.php\/wp-json\/wp\/v2\/pages"}],"about":[{"href":"https:\/\/pagafx.agency\/index.php\/wp-json\/wp\/v2\/types\/page"}],"author":[{"embeddable":true,"href":"https:\/\/pagafx.agency\/index.php\/wp-json\/wp\/v2\/users\/1"}],"replies":[{"embeddable":true,"href":"https:\/\/pagafx.agency\/index.php\/wp-json\/wp\/v2\/comments?post=228"}],"version-history":[{"count":24,"href":"https:\/\/pagafx.agency\/index.php\/wp-json\/wp\/v2\/pages\/228\/revisions"}],"predecessor-version":[{"id":599,"href":"https:\/\/pagafx.agency\/index.php\/wp-json\/wp\/v2\/pages\/228\/revisions\/599"}],"wp:attachment":[{"href":"https:\/\/pagafx.agency\/index.php\/wp-json\/wp\/v2\/media?parent=228"}],"curies":[{"name":"wp","href":"https:\/\/api.w.org\/{rel}","templated":true}]}}